{"id":26,"date":"2021-03-21T13:45:51","date_gmt":"2021-03-21T13:45:51","guid":{"rendered":"http:\/\/helikosmos.planet.ee\/klaveridhaalde\/?page_id=26"},"modified":"2026-03-18T04:42:12","modified_gmt":"2026-03-18T04:42:12","slug":"klaverid-haalde","status":"publish","type":"page","link":"http:\/\/helikosmos.planet.ee\/klaveridhaalde\/","title":{"rendered":"Tere tulemast!"},"content":{"rendered":"\n<p class=\"has-medium-font-size\"><br><strong><em>Kui klaver vajab h\u00e4\u00e4lestamist, tuleb appi klaverih\u00e4\u00e4lestaja<\/em>!<\/strong><\/p>\n\n\n\n<p><strong>\u2022 <\/strong> <strong>H\u00e4\u00e4lestamine standardk\u00f5rgusele (A1=440Hz, soovi korral A1=432Hz).<br>\u2022 Pisivigade parandus.<\/strong><br><strong><strong>\u2022 <\/strong>Mehhanismi reguleerimine. <\/strong><br><\/p>\n\n\n\n<p><\/p>\n\n\n\n<p>\ud83c\udfb9 Klaverit v\u00f5iks h\u00e4\u00e4lestada aastas keskmiselt korra. <br>Stuudiotes ja kontsertsaalides enne igat salvestust\/etteastet.<br><br>\ud83c\udfb9 Hoida klaver eemal otsesest p\u00e4ikesevalgusest ja tuulet\u00f5mbest ning k\u00fclmast v\u00e4lisseinast. <br>V\u00e4ltida niiskustaseme ja temperatuuri suurt ja \u00e4kilist k\u00f5ikumist. <br><br><strong>PS <\/strong>Parima tulemuse jaoks v\u00f5imalda h\u00e4\u00e4lestajale <strong>vaikust<\/strong> ja aega 1-3 tundi.<\/p>\n\n\n\n<p><strong><em>Hinnakiri: <\/em><\/strong><br><strong><strong>\u2022 <\/strong><\/strong>Klaveri h\u00e4\u00e4lestamine, mehhanismi reguleerimine ja vajadusel pisiremont: 90-150\u20ac<br><\/p>\n\n\n\n<p style=\"font-size:15px\"><\/p>\n\n\n\n<p><em><strong>Kontakt<\/strong><\/em><br>Tiiu Kiik<br>Telefon: 56170513 <br>E-mail: tiiu(at)inbox.com<br>FB\/messanger: Klaverid h\u00e4\u00e4lde<\/p>\n\n\n\n<p class=\"has-text-color has-link-color wp-elements-31da83aae731e6882a207b1a0f4058b4\" style=\"color:#abb7c26e\"><strong>\u2661<\/strong><\/p>\n\n\n\n<div class=\"wpcf7 no-js\" id=\"wpcf7-f289-o1\" lang=\"et\" dir=\"ltr\" data-wpcf7-id=\"289\">\n<div class=\"screen-reader-response\"><p role=\"status\" aria-live=\"polite\" aria-atomic=\"true\"><\/p> <ul><\/ul><\/div>\n<form action=\"\/klaveridhaalde\/wp-json\/wp\/v2\/pages\/26#wpcf7-f289-o1\" method=\"post\" class=\"wpcf7-form init\" aria-label=\"Contact form\" novalidate=\"novalidate\" data-status=\"init\">\n<fieldset class=\"hidden-fields-container\"><input type=\"hidden\" name=\"_wpcf7\" value=\"289\" \/><input type=\"hidden\" name=\"_wpcf7_version\" value=\"6.1.4\" \/><input type=\"hidden\" name=\"_wpcf7_locale\" value=\"et\" \/><input type=\"hidden\" name=\"_wpcf7_unit_tag\" value=\"wpcf7-f289-o1\" \/><input type=\"hidden\" name=\"_wpcf7_container_post\" value=\"0\" \/><input type=\"hidden\" name=\"_wpcf7_posted_data_hash\" value=\"\" \/>\n<\/fieldset>\n<p><label> Sinu nimi<br \/>\n<span class=\"wpcf7-form-control-wrap\" data-name=\"your-name\"><input size=\"40\" maxlength=\"400\" class=\"wpcf7-form-control wpcf7-text wpcf7-validates-as-required\" autocomplete=\"name\" aria-required=\"true\" aria-invalid=\"false\" value=\"\" type=\"text\" name=\"your-name\" \/><\/span> <\/label>\n<\/p>\n<p><label> E-mail<br \/>\n<span class=\"wpcf7-form-control-wrap\" data-name=\"your-email\"><input size=\"40\" maxlength=\"400\" class=\"wpcf7-form-control wpcf7-email wpcf7-validates-as-required wpcf7-text wpcf7-validates-as-email\" autocomplete=\"email\" aria-required=\"true\" aria-invalid=\"false\" value=\"\" type=\"email\" name=\"your-email\" \/><\/span> <\/label>\n<\/p>\n<p><label> Teema<br \/>\n<span class=\"wpcf7-form-control-wrap\" data-name=\"your-subject\"><input size=\"40\" maxlength=\"400\" class=\"wpcf7-form-control wpcf7-text wpcf7-validates-as-required\" aria-required=\"true\" aria-invalid=\"false\" value=\"\" type=\"text\" name=\"your-subject\" \/><\/span> <\/label>\n<\/p>\n<p><label> S\u00f5num<br \/>\n<span class=\"wpcf7-form-control-wrap\" data-name=\"your-message\"><textarea cols=\"40\" rows=\"10\" maxlength=\"2000\" class=\"wpcf7-form-control wpcf7-textarea\" aria-invalid=\"false\" name=\"your-message\"><\/textarea><\/span> <\/label>\n<\/p>\n<p><input class=\"wpcf7-form-control wpcf7-submit has-spinner\" type=\"submit\" value=\"Sisesta\" \/>\n<\/p><div class=\"wpcf7-response-output\" aria-hidden=\"true\"><\/div>\n<\/form>\n<\/div>\n\n\n\n\n<p><\/p>\n\n\n\n<p class=\"has-text-color has-link-color wp-elements-c9d5e9e63af2dfb3acb988e9dd926515\" style=\"color:#abb7c269\"><br><\/p>\n\n\n\n<p><\/p>\n","protected":false},"excerpt":{"rendered":"<p>Kui klaver vajab h\u00e4\u00e4lestamist, tuleb appi klaverih\u00e4\u00e4lestaja! \u2022 H\u00e4\u00e4lestamine standardk\u00f5rgusele (A1=440Hz, soovi korral A1=432Hz).\u2022 Pisivigade parandus.\u2022 Mehhanismi reguleerimine. \ud83c\udfb9 Klaverit v\u00f5iks h\u00e4\u00e4lestada aastas keskmiselt korra. Stuudiotes ja kontsertsaalides enne igat salvestust\/etteastet. \ud83c\udfb9 Hoida klaver eemal otsesest p\u00e4ikesevalgusest ja tuulet\u00f5mbest ning k\u00fclmast v\u00e4lisseinast. V\u00e4ltida niiskustaseme ja temperatuuri suurt ja \u00e4kilist k\u00f5ikumist. PS Parima tulemuse jaoks v\u00f5imalda&#8230;<\/p>\n","protected":false},"author":1,"featured_media":0,"parent":0,"menu_order":0,"comment_status":"closed","ping_status":"closed","template":"","meta":{"footnotes":""},"class_list":["post-26","page","type-page","status-publish","hentry"],"yoast_head":"<!-- This site is optimized with the Yoast SEO plugin v23.8 - https:\/\/yoast.com\/wordpress\/plugins\/seo\/ -->\n<title>Tere tulemast! | Klaverid h&auml;&auml;lde<\/title>\n<meta name=\"robots\" content=\"index, follow, max-snippet:-1, max-image-preview:large, max-video-preview:-1\" \/>\n<link rel=\"canonical\" href=\"http:\/\/helikosmos.planet.ee\/klaveridhaalde\/\" \/>\n<meta property=\"og:locale\" content=\"et_EE\" \/>\n<meta property=\"og:type\" content=\"article\" \/>\n<meta property=\"og:title\" content=\"Tere tulemast! | Klaverid h&auml;&auml;lde\" \/>\n<meta property=\"og:description\" content=\"Kui klaver vajab h\u00e4\u00e4lestamist, tuleb appi klaverih\u00e4\u00e4lestaja! \u2022 H\u00e4\u00e4lestamine standardk\u00f5rgusele (A1=440Hz, soovi korral A1=432Hz).\u2022 Pisivigade parandus.\u2022 Mehhanismi reguleerimine. \ud83c\udfb9 Klaverit v\u00f5iks h\u00e4\u00e4lestada aastas keskmiselt korra. Stuudiotes ja kontsertsaalides enne igat salvestust\/etteastet. \ud83c\udfb9 Hoida klaver eemal otsesest p\u00e4ikesevalgusest ja tuulet\u00f5mbest ning k\u00fclmast v\u00e4lisseinast. V\u00e4ltida niiskustaseme ja temperatuuri suurt ja \u00e4kilist k\u00f5ikumist. PS Parima tulemuse jaoks v\u00f5imalda...\" \/>\n<meta property=\"og:url\" content=\"http:\/\/helikosmos.planet.ee\/klaveridhaalde\/\" \/>\n<meta property=\"og:site_name\" content=\"Klaverid h&auml;&auml;lde\" \/>\n<meta property=\"article:modified_time\" content=\"2026-03-18T04:42:12+00:00\" \/>\n<meta name=\"twitter:card\" content=\"summary_large_image\" \/>\n<meta name=\"twitter:label1\" content=\"Est. reading time\" \/>\n\t<meta name=\"twitter:data1\" content=\"1 minut\" \/>\n<script type=\"application\/ld+json\" class=\"yoast-schema-graph\">{\"@context\":\"https:\/\/schema.org\",\"@graph\":[{\"@type\":\"WebPage\",\"@id\":\"http:\/\/helikosmos.planet.ee\/klaveridhaalde\/\",\"url\":\"http:\/\/helikosmos.planet.ee\/klaveridhaalde\/\",\"name\":\"Tere tulemast! | Klaverid h&auml;&auml;lde\",\"isPartOf\":{\"@id\":\"http:\/\/helikosmos.planet.ee\/klaveridhaalde\/#website\"},\"datePublished\":\"2021-03-21T13:45:51+00:00\",\"dateModified\":\"2026-03-18T04:42:12+00:00\",\"breadcrumb\":{\"@id\":\"http:\/\/helikosmos.planet.ee\/klaveridhaalde\/#breadcrumb\"},\"inLanguage\":\"et\",\"potentialAction\":[{\"@type\":\"ReadAction\",\"target\":[\"http:\/\/helikosmos.planet.ee\/klaveridhaalde\/\"]}]},{\"@type\":\"BreadcrumbList\",\"@id\":\"http:\/\/helikosmos.planet.ee\/klaveridhaalde\/#breadcrumb\",\"itemListElement\":[{\"@type\":\"ListItem\",\"position\":1,\"name\":\"Home\",\"item\":\"http:\/\/helikosmos.planet.ee\/klaveridhaalde\/\"},{\"@type\":\"ListItem\",\"position\":2,\"name\":\"Tere tulemast!\"}]},{\"@type\":\"WebSite\",\"@id\":\"http:\/\/helikosmos.planet.ee\/klaveridhaalde\/#website\",\"url\":\"http:\/\/helikosmos.planet.ee\/klaveridhaalde\/\",\"name\":\"Klaverid h\u00e4\u00e4lde\",\"description\":\"Kui klaver vajab h&auml;&auml;lestamist, tuleb appi klaverih&auml;&auml;lestaja!\",\"publisher\":{\"@id\":\"http:\/\/helikosmos.planet.ee\/klaveridhaalde\/#\/schema\/person\/04339ada2fb3e43a60cc56e981573d70\"},\"inLanguage\":\"et\"},{\"@type\":[\"Person\",\"Organization\"],\"@id\":\"http:\/\/helikosmos.planet.ee\/klaveridhaalde\/#\/schema\/person\/04339ada2fb3e43a60cc56e981573d70\",\"name\":\"admin\",\"image\":{\"@type\":\"ImageObject\",\"inLanguage\":\"et\",\"@id\":\"http:\/\/helikosmos.planet.ee\/klaveridhaalde\/#\/schema\/person\/image\/\",\"url\":\"http:\/\/helikosmos.planet.ee\/klaveridhaalde\/wp-content\/uploads\/2024\/04\/cropped-KH.jpg\",\"contentUrl\":\"http:\/\/helikosmos.planet.ee\/klaveridhaalde\/wp-content\/uploads\/2024\/04\/cropped-KH.jpg\",\"width\":1513,\"height\":453,\"caption\":\"admin\"},\"logo\":{\"@id\":\"http:\/\/helikosmos.planet.ee\/klaveridhaalde\/#\/schema\/person\/image\/\"},\"sameAs\":[\"http:\/\/helikosmos.planet.ee\/klaveridhaalde\"]}]}<\/script>\n<!-- \/ Yoast SEO plugin. -->","yoast_head_json":{"title":"Tere tulemast! | Klaverid h&auml;&auml;lde","robots":{"index":"index","follow":"follow","max-snippet":"max-snippet:-1","max-image-preview":"max-image-preview:large","max-video-preview":"max-video-preview:-1"},"canonical":"http:\/\/helikosmos.planet.ee\/klaveridhaalde\/","og_locale":"et_EE","og_type":"article","og_title":"Tere tulemast! | Klaverid h&auml;&auml;lde","og_description":"Kui klaver vajab h\u00e4\u00e4lestamist, tuleb appi klaverih\u00e4\u00e4lestaja! \u2022 H\u00e4\u00e4lestamine standardk\u00f5rgusele (A1=440Hz, soovi korral A1=432Hz).\u2022 Pisivigade parandus.\u2022 Mehhanismi reguleerimine. \ud83c\udfb9 Klaverit v\u00f5iks h\u00e4\u00e4lestada aastas keskmiselt korra. Stuudiotes ja kontsertsaalides enne igat salvestust\/etteastet. \ud83c\udfb9 Hoida klaver eemal otsesest p\u00e4ikesevalgusest ja tuulet\u00f5mbest ning k\u00fclmast v\u00e4lisseinast. V\u00e4ltida niiskustaseme ja temperatuuri suurt ja \u00e4kilist k\u00f5ikumist. PS Parima tulemuse jaoks v\u00f5imalda...","og_url":"http:\/\/helikosmos.planet.ee\/klaveridhaalde\/","og_site_name":"Klaverid h&auml;&auml;lde","article_modified_time":"2026-03-18T04:42:12+00:00","twitter_card":"summary_large_image","twitter_misc":{"Est. reading time":"1 minut"},"schema":{"@context":"https:\/\/schema.org","@graph":[{"@type":"WebPage","@id":"http:\/\/helikosmos.planet.ee\/klaveridhaalde\/","url":"http:\/\/helikosmos.planet.ee\/klaveridhaalde\/","name":"Tere tulemast! | Klaverid h&auml;&auml;lde","isPartOf":{"@id":"http:\/\/helikosmos.planet.ee\/klaveridhaalde\/#website"},"datePublished":"2021-03-21T13:45:51+00:00","dateModified":"2026-03-18T04:42:12+00:00","breadcrumb":{"@id":"http:\/\/helikosmos.planet.ee\/klaveridhaalde\/#breadcrumb"},"inLanguage":"et","potentialAction":[{"@type":"ReadAction","target":["http:\/\/helikosmos.planet.ee\/klaveridhaalde\/"]}]},{"@type":"BreadcrumbList","@id":"http:\/\/helikosmos.planet.ee\/klaveridhaalde\/#breadcrumb","itemListElement":[{"@type":"ListItem","position":1,"name":"Home","item":"http:\/\/helikosmos.planet.ee\/klaveridhaalde\/"},{"@type":"ListItem","position":2,"name":"Tere tulemast!"}]},{"@type":"WebSite","@id":"http:\/\/helikosmos.planet.ee\/klaveridhaalde\/#website","url":"http:\/\/helikosmos.planet.ee\/klaveridhaalde\/","name":"Klaverid h\u00e4\u00e4lde","description":"Kui klaver vajab h&auml;&auml;lestamist, tuleb appi klaverih&auml;&auml;lestaja!","publisher":{"@id":"http:\/\/helikosmos.planet.ee\/klaveridhaalde\/#\/schema\/person\/04339ada2fb3e43a60cc56e981573d70"},"inLanguage":"et"},{"@type":["Person","Organization"],"@id":"http:\/\/helikosmos.planet.ee\/klaveridhaalde\/#\/schema\/person\/04339ada2fb3e43a60cc56e981573d70","name":"admin","image":{"@type":"ImageObject","inLanguage":"et","@id":"http:\/\/helikosmos.planet.ee\/klaveridhaalde\/#\/schema\/person\/image\/","url":"http:\/\/helikosmos.planet.ee\/klaveridhaalde\/wp-content\/uploads\/2024\/04\/cropped-KH.jpg","contentUrl":"http:\/\/helikosmos.planet.ee\/klaveridhaalde\/wp-content\/uploads\/2024\/04\/cropped-KH.jpg","width":1513,"height":453,"caption":"admin"},"logo":{"@id":"http:\/\/helikosmos.planet.ee\/klaveridhaalde\/#\/schema\/person\/image\/"},"sameAs":["http:\/\/helikosmos.planet.ee\/klaveridhaalde"]}]}},"_links":{"self":[{"href":"http:\/\/helikosmos.planet.ee\/klaveridhaalde\/wp-json\/wp\/v2\/pages\/26","targetHints":{"allow":["GET"]}}],"collection":[{"href":"http:\/\/helikosmos.planet.ee\/klaveridhaalde\/wp-json\/wp\/v2\/pages"}],"about":[{"href":"http:\/\/helikosmos.planet.ee\/klaveridhaalde\/wp-json\/wp\/v2\/types\/page"}],"author":[{"embeddable":true,"href":"http:\/\/helikosmos.planet.ee\/klaveridhaalde\/wp-json\/wp\/v2\/users\/1"}],"replies":[{"embeddable":true,"href":"http:\/\/helikosmos.planet.ee\/klaveridhaalde\/wp-json\/wp\/v2\/comments?post=26"}],"version-history":[{"count":57,"href":"http:\/\/helikosmos.planet.ee\/klaveridhaalde\/wp-json\/wp\/v2\/pages\/26\/revisions"}],"predecessor-version":[{"id":326,"href":"http:\/\/helikosmos.planet.ee\/klaveridhaalde\/wp-json\/wp\/v2\/pages\/26\/revisions\/326"}],"wp:attachment":[{"href":"http:\/\/helikosmos.planet.ee\/klaveridhaalde\/wp-json\/wp\/v2\/media?parent=26"}],"curies":[{"name":"wp","href":"https:\/\/api.w.org\/{rel}","templated":true}]}}