{"id":117,"date":"2022-02-11T14:16:08","date_gmt":"2022-02-11T14:16:08","guid":{"rendered":"http:\/\/helikosmos.planet.ee\/klaveridhaalde\/?page_id=117"},"modified":"2026-03-19T08:16:14","modified_gmt":"2026-03-19T08:16:14","slug":"tiiu","status":"publish","type":"page","link":"http:\/\/helikosmos.planet.ee\/klaveridhaalde\/tiiu\/","title":{"rendered":"Minust"},"content":{"rendered":"\n<p><\/p>\n\n\n\n<p>S\u00fcndinud Paides (11.07.1980). Vanemad on muusikud.<\/p>\n\n\n\n<p>Klaveri (aga ka oreli) h\u00e4\u00e4lestamist \u00f5petas mulle alguses isa. Selgitas, mida kuulata. Kuulasin, aga leidsin, et see t\u00f6\u00f6 on igav. L\u00e4ksin isalt saadud teadmisi kasutades siiski aitama s\u00f5brannat klaveri h\u00e4\u00e4lestamisega (01.12.11). H\u00e4\u00e4lestusv\u00f5tme laenasin Paide Muusikakoolist. Kogemus oli inspireeriv, p\u00f5nev ja omamoodi hasarti tekitav, nii et j\u00e4tkasin r\u00f5\u00f5muga ka teiste klaverite h\u00e4\u00e4lestamisega nii kodudes kui ka kultuurikeskustes, koolides, lasteaedades ja kohvikutes. Teadmisi t\u00e4iendasin G. Otsa nim. Tln. Muusikakoolis klaverih\u00e4\u00e4lestaja-tehnik erialal. <br>Minu valdkonda kuulub eelk\u00f5ige h\u00e4\u00e4lestamine, aga ka pisivigade parandamine ja mehhanismi reguleerimine. Spetsiifilisemaid oskusi vajavate klaverite puhul suunan edasi vastavate meistrite poole.<\/p>\n\n\n\n<p>Lisaks h\u00e4\u00e4lestamistele tegelen ka muusikaloomega: <a href=\"http:\/\/tiiukiik.bandcamp.com\/\"><em><strong>tiiukiik.bandcamp.com<\/strong><\/em><\/a><br>Olen tegutsenud ka b\u00e4ndides Forgotten Sunrise (1997-2005) ja Solwaig (2002-2003), teinud koost\u00f6\u00f6d artistidega Eleven Venemaalt (2015-2018), 101 Saksamaalt (2016), osalenud Eesti Laulu konkursil (finaalis 2010 ja poolfinaalis 2011).<\/p>\n\n\n\n<p><br>\u00d5ppinud olen ka klaveri-, viiuli-, oreli- ja v\u00e4ikekandlem\u00e4ngu, muusikateooriat, helidisaini, osalenud mitmetel erinevatel peamiselt muusikateemalistel koolitustel, kursustel.<\/p>\n\n\n\n<p><\/p>\n\n\n\n<p><strong>K\u00fclasta ka:<\/strong><\/p>\n\n\n\n<p><a href=\"https:\/\/www.instagram.com\/klaveridhaalde\"><em><strong>instagram.<\/strong>com\/klaveridhaalde<\/em><\/a><\/p>\n\n\n\n<p><strong><a href=\"http:\/\/www.facebook.com\/klaveridhaalde\">f<em>acebook<\/em><\/a><\/strong><a href=\"http:\/\/www.facebook.com\/klaveridhaalde\"><em>.com\/klaveridhaalde<\/em><\/a><\/p>\n\n\n\n<p><\/p>\n\n\n\n<p><\/p>\n","protected":false},"excerpt":{"rendered":"<p>S\u00fcndinud Paides (11.07.1980). Vanemad on muusikud. Klaveri (aga ka oreli) h\u00e4\u00e4lestamist \u00f5petas mulle alguses isa. Selgitas, mida kuulata. Kuulasin, aga leidsin, et see t\u00f6\u00f6 on igav. L\u00e4ksin isalt saadud teadmisi kasutades siiski aitama s\u00f5brannat klaveri h\u00e4\u00e4lestamisega (01.12.11). H\u00e4\u00e4lestusv\u00f5tme laenasin Paide Muusikakoolist. Kogemus oli inspireeriv, p\u00f5nev ja omamoodi hasarti tekitav, nii et j\u00e4tkasin r\u00f5\u00f5muga ka teiste&#8230;<\/p>\n","protected":false},"author":1,"featured_media":0,"parent":0,"menu_order":0,"comment_status":"closed","ping_status":"closed","template":"","meta":{"footnotes":""},"class_list":["post-117","page","type-page","status-publish","hentry"],"yoast_head":"<!-- This site is optimized with the Yoast SEO plugin v23.8 - https:\/\/yoast.com\/wordpress\/plugins\/seo\/ -->\n<title>Minust | Klaverid h&auml;&auml;lde<\/title>\n<meta name=\"robots\" content=\"index, follow, max-snippet:-1, max-image-preview:large, max-video-preview:-1\" \/>\n<link rel=\"canonical\" href=\"http:\/\/helikosmos.planet.ee\/klaveridhaalde\/tiiu\/\" \/>\n<meta property=\"og:locale\" content=\"et_EE\" \/>\n<meta property=\"og:type\" content=\"article\" \/>\n<meta property=\"og:title\" content=\"Minust | Klaverid h&auml;&auml;lde\" \/>\n<meta property=\"og:description\" content=\"S\u00fcndinud Paides (11.07.1980). Vanemad on muusikud. Klaveri (aga ka oreli) h\u00e4\u00e4lestamist \u00f5petas mulle alguses isa. Selgitas, mida kuulata. Kuulasin, aga leidsin, et see t\u00f6\u00f6 on igav. L\u00e4ksin isalt saadud teadmisi kasutades siiski aitama s\u00f5brannat klaveri h\u00e4\u00e4lestamisega (01.12.11). H\u00e4\u00e4lestusv\u00f5tme laenasin Paide Muusikakoolist. Kogemus oli inspireeriv, p\u00f5nev ja omamoodi hasarti tekitav, nii et j\u00e4tkasin r\u00f5\u00f5muga ka teiste...\" \/>\n<meta property=\"og:url\" content=\"http:\/\/helikosmos.planet.ee\/klaveridhaalde\/tiiu\/\" \/>\n<meta property=\"og:site_name\" content=\"Klaverid h&auml;&auml;lde\" \/>\n<meta property=\"article:modified_time\" content=\"2026-03-19T08:16:14+00:00\" \/>\n<meta name=\"twitter:card\" content=\"summary_large_image\" \/>\n<meta name=\"twitter:label1\" content=\"Est. reading time\" \/>\n\t<meta name=\"twitter:data1\" content=\"1 minut\" \/>\n<script type=\"application\/ld+json\" class=\"yoast-schema-graph\">{\"@context\":\"https:\/\/schema.org\",\"@graph\":[{\"@type\":\"WebPage\",\"@id\":\"http:\/\/helikosmos.planet.ee\/klaveridhaalde\/tiiu\/\",\"url\":\"http:\/\/helikosmos.planet.ee\/klaveridhaalde\/tiiu\/\",\"name\":\"Minust | Klaverid h&auml;&auml;lde\",\"isPartOf\":{\"@id\":\"http:\/\/helikosmos.planet.ee\/klaveridhaalde\/#website\"},\"datePublished\":\"2022-02-11T14:16:08+00:00\",\"dateModified\":\"2026-03-19T08:16:14+00:00\",\"breadcrumb\":{\"@id\":\"http:\/\/helikosmos.planet.ee\/klaveridhaalde\/tiiu\/#breadcrumb\"},\"inLanguage\":\"et\",\"potentialAction\":[{\"@type\":\"ReadAction\",\"target\":[\"http:\/\/helikosmos.planet.ee\/klaveridhaalde\/tiiu\/\"]}]},{\"@type\":\"BreadcrumbList\",\"@id\":\"http:\/\/helikosmos.planet.ee\/klaveridhaalde\/tiiu\/#breadcrumb\",\"itemListElement\":[{\"@type\":\"ListItem\",\"position\":1,\"name\":\"Home\",\"item\":\"http:\/\/helikosmos.planet.ee\/klaveridhaalde\/\"},{\"@type\":\"ListItem\",\"position\":2,\"name\":\"Minust\"}]},{\"@type\":\"WebSite\",\"@id\":\"http:\/\/helikosmos.planet.ee\/klaveridhaalde\/#website\",\"url\":\"http:\/\/helikosmos.planet.ee\/klaveridhaalde\/\",\"name\":\"Klaverid h\u00e4\u00e4lde\",\"description\":\"Kui klaver vajab h&auml;&auml;lestamist, tuleb appi klaverih&auml;&auml;lestaja!\",\"publisher\":{\"@id\":\"http:\/\/helikosmos.planet.ee\/klaveridhaalde\/#\/schema\/person\/04339ada2fb3e43a60cc56e981573d70\"},\"inLanguage\":\"et\"},{\"@type\":[\"Person\",\"Organization\"],\"@id\":\"http:\/\/helikosmos.planet.ee\/klaveridhaalde\/#\/schema\/person\/04339ada2fb3e43a60cc56e981573d70\",\"name\":\"admin\",\"image\":{\"@type\":\"ImageObject\",\"inLanguage\":\"et\",\"@id\":\"http:\/\/helikosmos.planet.ee\/klaveridhaalde\/#\/schema\/person\/image\/\",\"url\":\"http:\/\/helikosmos.planet.ee\/klaveridhaalde\/wp-content\/uploads\/2024\/04\/cropped-KH.jpg\",\"contentUrl\":\"http:\/\/helikosmos.planet.ee\/klaveridhaalde\/wp-content\/uploads\/2024\/04\/cropped-KH.jpg\",\"width\":1513,\"height\":453,\"caption\":\"admin\"},\"logo\":{\"@id\":\"http:\/\/helikosmos.planet.ee\/klaveridhaalde\/#\/schema\/person\/image\/\"},\"sameAs\":[\"http:\/\/helikosmos.planet.ee\/klaveridhaalde\"]}]}<\/script>\n<!-- \/ Yoast SEO plugin. -->","yoast_head_json":{"title":"Minust | Klaverid h&auml;&auml;lde","robots":{"index":"index","follow":"follow","max-snippet":"max-snippet:-1","max-image-preview":"max-image-preview:large","max-video-preview":"max-video-preview:-1"},"canonical":"http:\/\/helikosmos.planet.ee\/klaveridhaalde\/tiiu\/","og_locale":"et_EE","og_type":"article","og_title":"Minust | Klaverid h&auml;&auml;lde","og_description":"S\u00fcndinud Paides (11.07.1980). Vanemad on muusikud. Klaveri (aga ka oreli) h\u00e4\u00e4lestamist \u00f5petas mulle alguses isa. Selgitas, mida kuulata. Kuulasin, aga leidsin, et see t\u00f6\u00f6 on igav. L\u00e4ksin isalt saadud teadmisi kasutades siiski aitama s\u00f5brannat klaveri h\u00e4\u00e4lestamisega (01.12.11). H\u00e4\u00e4lestusv\u00f5tme laenasin Paide Muusikakoolist. Kogemus oli inspireeriv, p\u00f5nev ja omamoodi hasarti tekitav, nii et j\u00e4tkasin r\u00f5\u00f5muga ka teiste...","og_url":"http:\/\/helikosmos.planet.ee\/klaveridhaalde\/tiiu\/","og_site_name":"Klaverid h&auml;&auml;lde","article_modified_time":"2026-03-19T08:16:14+00:00","twitter_card":"summary_large_image","twitter_misc":{"Est. reading time":"1 minut"},"schema":{"@context":"https:\/\/schema.org","@graph":[{"@type":"WebPage","@id":"http:\/\/helikosmos.planet.ee\/klaveridhaalde\/tiiu\/","url":"http:\/\/helikosmos.planet.ee\/klaveridhaalde\/tiiu\/","name":"Minust | Klaverid h&auml;&auml;lde","isPartOf":{"@id":"http:\/\/helikosmos.planet.ee\/klaveridhaalde\/#website"},"datePublished":"2022-02-11T14:16:08+00:00","dateModified":"2026-03-19T08:16:14+00:00","breadcrumb":{"@id":"http:\/\/helikosmos.planet.ee\/klaveridhaalde\/tiiu\/#breadcrumb"},"inLanguage":"et","potentialAction":[{"@type":"ReadAction","target":["http:\/\/helikosmos.planet.ee\/klaveridhaalde\/tiiu\/"]}]},{"@type":"BreadcrumbList","@id":"http:\/\/helikosmos.planet.ee\/klaveridhaalde\/tiiu\/#breadcrumb","itemListElement":[{"@type":"ListItem","position":1,"name":"Home","item":"http:\/\/helikosmos.planet.ee\/klaveridhaalde\/"},{"@type":"ListItem","position":2,"name":"Minust"}]},{"@type":"WebSite","@id":"http:\/\/helikosmos.planet.ee\/klaveridhaalde\/#website","url":"http:\/\/helikosmos.planet.ee\/klaveridhaalde\/","name":"Klaverid h\u00e4\u00e4lde","description":"Kui klaver vajab h&auml;&auml;lestamist, tuleb appi klaverih&auml;&auml;lestaja!","publisher":{"@id":"http:\/\/helikosmos.planet.ee\/klaveridhaalde\/#\/schema\/person\/04339ada2fb3e43a60cc56e981573d70"},"inLanguage":"et"},{"@type":["Person","Organization"],"@id":"http:\/\/helikosmos.planet.ee\/klaveridhaalde\/#\/schema\/person\/04339ada2fb3e43a60cc56e981573d70","name":"admin","image":{"@type":"ImageObject","inLanguage":"et","@id":"http:\/\/helikosmos.planet.ee\/klaveridhaalde\/#\/schema\/person\/image\/","url":"http:\/\/helikosmos.planet.ee\/klaveridhaalde\/wp-content\/uploads\/2024\/04\/cropped-KH.jpg","contentUrl":"http:\/\/helikosmos.planet.ee\/klaveridhaalde\/wp-content\/uploads\/2024\/04\/cropped-KH.jpg","width":1513,"height":453,"caption":"admin"},"logo":{"@id":"http:\/\/helikosmos.planet.ee\/klaveridhaalde\/#\/schema\/person\/image\/"},"sameAs":["http:\/\/helikosmos.planet.ee\/klaveridhaalde"]}]}},"_links":{"self":[{"href":"http:\/\/helikosmos.planet.ee\/klaveridhaalde\/wp-json\/wp\/v2\/pages\/117","targetHints":{"allow":["GET"]}}],"collection":[{"href":"http:\/\/helikosmos.planet.ee\/klaveridhaalde\/wp-json\/wp\/v2\/pages"}],"about":[{"href":"http:\/\/helikosmos.planet.ee\/klaveridhaalde\/wp-json\/wp\/v2\/types\/page"}],"author":[{"embeddable":true,"href":"http:\/\/helikosmos.planet.ee\/klaveridhaalde\/wp-json\/wp\/v2\/users\/1"}],"replies":[{"embeddable":true,"href":"http:\/\/helikosmos.planet.ee\/klaveridhaalde\/wp-json\/wp\/v2\/comments?post=117"}],"version-history":[{"count":54,"href":"http:\/\/helikosmos.planet.ee\/klaveridhaalde\/wp-json\/wp\/v2\/pages\/117\/revisions"}],"predecessor-version":[{"id":329,"href":"http:\/\/helikosmos.planet.ee\/klaveridhaalde\/wp-json\/wp\/v2\/pages\/117\/revisions\/329"}],"wp:attachment":[{"href":"http:\/\/helikosmos.planet.ee\/klaveridhaalde\/wp-json\/wp\/v2\/media?parent=117"}],"curies":[{"name":"wp","href":"https:\/\/api.w.org\/{rel}","templated":true}]}}